{"id":14,"date":"2018-07-17T09:32:49","date_gmt":"2018-07-17T09:32:49","guid":{"rendered":"https:\/\/swidalb.com\/?page_id=14"},"modified":"2019-12-11T09:23:20","modified_gmt":"2019-12-11T09:23:20","slug":"home","status":"publish","type":"page","link":"https:\/\/swidalb.com\/","title":{"rendered":"HOME"},"content":{"rendered":"<div class=\"wpb-content-wrapper\"><p>[vc_row css=&#8221;.vc_custom_1531830091207{margin-top: -10px !important;}&#8221;][vc_column width=&#8221;1\/2&#8243; offset=&#8221;vc_hidden-xs&#8221;][vc_single_image image=&#8221;22&#8243; img_size=&#8221;full&#8221; alignment=&#8221;center&#8221; image_hovers=&#8221;false&#8221; css=&#8221;.vc_custom_1531830597934{margin-top: -20px !important;}&#8221;][\/vc_column][vc_column width=&#8221;1\/2&#8243; offset=&#8221;vc_hidden-xs&#8221;][vc_empty_space height=&#8221;22px&#8221;][vc_column_text el_class=&#8221;titull&#8221; css=&#8221;.vc_custom_1547134182033{margin-top: -9px !important;}&#8221;]20[\/vc_column_text][vc_column_text el_class=&#8221;emri&#8221; css=&#8221;.vc_custom_1531830898319{margin-bottom: -160px !important;margin-left: 90px !important;}&#8221;]Vite<\/p>\n<p>Eksperience[\/vc_column_text][vc_row_inner][vc_column_inner][vc_separator color=&#8221;custom&#8221; align=&#8221;align_left&#8221; el_width=&#8221;30&#8243; accent_color=&#8221;#14ac84&#8243; css=&#8221;.vc_custom_1531830265708{margin-top: -20px !important;margin-left: 10px !important;}&#8221;][vc_column_text css=&#8221;.vc_custom_1531835693888{margin-top: -20px !important;margin-left: 10px !important;}&#8221;]<\/p>\n<p style=\"text-align: justify;\">Kompania POWER (Swid) ka filluar aktivitetin e saj n\u00eb vitin 1998 n\u00eb fush\u00ebn e burimeve t\u00eb energjis\u00eb duke prezantuar n\u00eb tregun Shqiptar gjenerator\u00ebt Diesel t\u00eb mark\u00ebs Broadcrown prodhuar n\u00eb UK, paisje UPS t\u00eb ushqimit On-line p\u00ebr kompjuterat dhe paisjet e tjera me p\u00ebrgjegj\u00ebsi.<\/p>\n<p>[\/vc_column_text][vc_column_text css=&#8221;.vc_custom_1531830448643{margin-top: -20px !important;margin-left: 10px !important;}&#8221;]<\/p>\n<p style=\"text-align: justify;\">Gjenerator\u00ebt elektronik\u00eb (Invertitor\u00ebt) t\u00eb cil\u00ebt krijojn\u00eb vijim\u00ebsi t\u00eb pun\u00ebs n\u00eb koh\u00ebn e nd\u00ebrprerjeve t\u00eb energjis\u00eb nga baterit\u00eb; t\u00eb p\u00ebrmir\u00ebsimit t\u00eb parametrave t\u00eb rrjetit elektrik n\u00ebp\u00ebrmjet Rregullator\u00ebve Automatik\u00eb t\u00eb Tensionit mono faz\u00eb dhe tre fazor\u00eb.<\/p>\n<p>[\/vc_column_text][\/vc_column_inner][\/vc_row_inner][\/vc_column][\/vc_row][vc_row css=&#8221;.vc_custom_1531830091207{margin-top: -10px !important;}&#8221;][vc_column width=&#8221;1\/2&#8243; offset=&#8221;vc_hidden-lg vc_hidden-md vc_hidden-sm&#8221;][vc_single_image image=&#8221;22&#8243; img_size=&#8221;full&#8221; alignment=&#8221;center&#8221; image_hovers=&#8221;false&#8221; css=&#8221;.vc_custom_1531830597934{margin-top: -20px !important;}&#8221;][\/vc_column][vc_column width=&#8221;1\/2&#8243; offset=&#8221;vc_hidden-lg vc_hidden-md vc_hidden-sm&#8221;][vc_empty_space height=&#8221;22px&#8221;][vc_column_text]<\/p>\n<h1><span style=\"color: #010806;\">15<\/span><\/h1>\n<p>[\/vc_column_text][vc_column_text]<\/p>\n<h3>Vite<\/h3>\n<h3>Eksperience<\/h3>\n<p>[\/vc_column_text][vc_row_inner][vc_column_inner][vc_separator color=&#8221;custom&#8221; align=&#8221;align_left&#8221; el_width=&#8221;30&#8243; accent_color=&#8221;#14ac84&#8243; css=&#8221;.vc_custom_1531830265708{margin-top: -20px !important;margin-left: 10px !important;}&#8221;][vc_column_text]<\/p>\n<p style=\"text-align: justify;\">Kompania POWER (Swid) ka filluar aktivitetin e saj n\u00eb vitin 1998 n\u00eb fush\u00ebn e burimeve t\u00eb energjis\u00eb duke prezantuar n\u00eb tregun Shqiptar gjenerator\u00ebt Diesel t\u00eb mark\u00ebs Broadcrown prodhuar n\u00eb UK, paisje UPS t\u00eb ushqimit On-line p\u00ebr kompjuterat dhe paisjet e tjera me p\u00ebrgjegj\u00ebsi.<\/p>\n<p>[\/vc_column_text][vc_column_text]<\/p>\n<p style=\"text-align: justify;\">Gjenerator\u00ebt elektronik\u00eb (Invertitor\u00ebt) t\u00eb cil\u00ebt krijojn\u00eb vijim\u00ebsi t\u00eb pun\u00ebs n\u00eb koh\u00ebn e nd\u00ebrprerjeve t\u00eb energjis\u00eb nga baterit\u00eb; t\u00eb p\u00ebrmir\u00ebsimit t\u00eb parametrave t\u00eb rrjetit elektrik n\u00ebp\u00ebrmjet Rregullator\u00ebve Automatik\u00eb t\u00eb Tensionit mono faz\u00eb dhe tre fazor\u00eb.<\/p>\n<p>[\/vc_column_text][\/vc_column_inner][\/vc_row_inner][\/vc_column][\/vc_row][vc_row bg_type=&#8221;image&#8221; parallax_style=&#8221;vcpb-default&#8221; bg_image_new=&#8221;id^27|url^https:\/\/swidalb.com\/wp-content\/uploads\/2018\/07\/banner.jpg|caption^null|alt^null|title^banner|description^null&#8221; bg_image_repeat=&#8221;no-repeat&#8221; bg_override=&#8221;ex-full&#8221;][vc_column offset=&#8221;vc_hidden-xs&#8221;][vc_empty_space][vc_custom_heading text=&#8221;D\u00ebshironi t\u00eb konsultoheni me ne mbi projektin tuaj?&#8221; font_container=&#8221;tag:h3|font_size:30|text_align:center|color:%23ffffff&#8221; google_fonts=&#8221;font_family:Merriweather%3A300%2C300italic%2Cregular%2Citalic%2C700%2C700italic%2C900%2C900italic|font_style:700%20bold%20regular%3A700%3Anormal&#8221;][vc_column_text css=&#8221;.vc_custom_1531832757156{padding-right: 270px !important;padding-left: 270px !important;}&#8221;]<\/p>\n<p style=\"text-align: center;\"><span style=\"color: #ffffff;\">Ne jemi nj\u00eb kompani miq\u00ebsore me mjedisin p\u00ebr energjin\u00eb e rinovueshme dhe ofrojm\u00eb nj\u00eb portofol t\u00eb gjer\u00eb t\u00eb teknologjive, produkteve dhe zgjidhjeve p\u00ebr klient\u00ebt tan\u00eb globalisht<\/span><\/p>\n<p>[\/vc_column_text][vc_btn title=&#8221;NA KONTAKTONI&#8221; style=&#8221;custom&#8221; custom_background=&#8221;#333366&#8243; custom_text=&#8221;#ffffff&#8221; shape=&#8221;square&#8221; align=&#8221;center&#8221; link=&#8221;url:%2Findex.php%2Fkontakt%2F|||&#8221;][vc_empty_space height=&#8221;42px&#8221;][\/vc_column][\/vc_row][vc_row bg_type=&#8221;image&#8221; parallax_style=&#8221;vcpb-default&#8221; bg_image_new=&#8221;id^27|url^https:\/\/swidalb.com\/wp-content\/uploads\/2018\/07\/banner.jpg|caption^null|alt^null|title^banner|description^null&#8221; bg_image_repeat=&#8221;no-repeat&#8221; bg_override=&#8221;ex-full&#8221;][vc_column offset=&#8221;vc_hidden-lg vc_hidden-md vc_hidden-sm&#8221;][vc_empty_space][vc_custom_heading text=&#8221;D\u00ebshironi t\u00eb konsultoheni me ne mbi projektin tuaj?&#8221; font_container=&#8221;tag:h3|font_size:30|text_align:center|color:%23ffffff&#8221; google_fonts=&#8221;font_family:Merriweather%3A300%2C300italic%2Cregular%2Citalic%2C700%2C700italic%2C900%2C900italic|font_style:700%20bold%20regular%3A700%3Anormal&#8221;][vc_column_text]<\/p>\n<p style=\"text-align: center;\"><span style=\"color: #ffffff;\">Ne jemi nj\u00eb kompani miq\u00ebsore me mjedisin p\u00ebr energjin\u00eb e rinovueshme dhe ofrojm\u00eb nj\u00eb portofol t\u00eb gjer\u00eb t\u00eb teknologjive, produkteve dhe zgjidhjeve p\u00ebr klient\u00ebt tan\u00eb globalisht<\/span><\/p>\n<p>[\/vc_column_text][vc_btn title=&#8221;NA KONTAKTONI&#8221; style=&#8221;custom&#8221; custom_background=&#8221;#333366&#8243; custom_text=&#8221;#ffffff&#8221; shape=&#8221;square&#8221; align=&#8221;center&#8221; link=&#8221;url:%2Findex.php%2Fkontakt%2F|||&#8221;][vc_empty_space height=&#8221;42px&#8221;][\/vc_column][\/vc_row][vc_row][vc_column][vc_custom_heading text=&#8221;Sh\u00ebrbime&#8221; font_container=&#8221;tag:h3|font_size:30|text_align:center&#8221; google_fonts=&#8221;font_family:Merriweather%3A300%2C300italic%2Cregular%2Citalic%2C700%2C700italic%2C900%2C900italic|font_style:700%20bold%20regular%3A700%3Anormal&#8221;][vc_empty_space height=&#8221;42px&#8221;][vc_row_inner][vc_column_inner width=&#8221;1\/4&#8243;]<div class=\"aio-icon-component  vc_custom_1531834171607  kol style_1\"><div id=\"Info-box-wrap-8110\" class=\"aio-icon-box top-icon\" style=\"\"  ><div class=\"aio-icon-top\"><div class=\"ult-just-icon-wrapper  \"><div class=\"align-icon\" style=\"text-align:center;\">\n<div class=\"aio-icon-img \" style=\"font-size:48px;display:inline-block;\" >\n\t<img decoding=\"async\" class=\"img-icon\" alt=\"null\" src=\"https:\/\/swidalb.com\/wp-content\/uploads\/2018\/07\/generator.png\"\/>\n<\/div><\/div><\/div><\/div><div class=\"aio-icon-header\" ><h3 class=\"aio-icon-title ult-responsive\"  data-ultimate-target='#Info-box-wrap-8110 .aio-icon-title'  data-responsive-json-new='{\"font-size\":\"\",\"line-height\":\"\"}'  style=\"\">Gjenerator<\/h3><\/div> <!-- header --><\/div> <!-- aio-icon-box --><\/div> <!-- aio-icon-component -->[\/vc_column_inner][vc_column_inner width=&#8221;1\/4&#8243;]<div class=\"aio-icon-component  vc_custom_1531834190354  kol style_1\"><div id=\"Info-box-wrap-1214\" class=\"aio-icon-box top-icon\" style=\"\"  ><div class=\"aio-icon-top\"><div class=\"ult-just-icon-wrapper  \"><div class=\"align-icon\" style=\"text-align:center;\">\n<div class=\"aio-icon-img \" style=\"font-size:48px;display:inline-block;\" >\n\t<img decoding=\"async\" class=\"img-icon\" alt=\"null\" src=\"https:\/\/swidalb.com\/wp-content\/uploads\/2018\/07\/solar-energy.png\"\/>\n<\/div><\/div><\/div><\/div><div class=\"aio-icon-header\" ><h3 class=\"aio-icon-title ult-responsive\"  data-ultimate-target='#Info-box-wrap-1214 .aio-icon-title'  data-responsive-json-new='{\"font-size\":\"\",\"line-height\":\"\"}'  style=\"\">Panele Diellore<\/h3><\/div> <!-- header --><div class=\"aio-icon-description ult-responsive\"  data-ultimate-target='#Info-box-wrap-1214 .aio-icon-description'  data-responsive-json-new='{\"font-size\":\"\",\"line-height\":\"\"}'  style=\"\"><\/p>\n<p><\/div> <!-- description --><\/div> <!-- aio-icon-box --><\/div> <!-- aio-icon-component -->[\/vc_column_inner][vc_column_inner width=&#8221;1\/4&#8243;]<div class=\"aio-icon-component  vc_custom_1531834374643  kol style_1\"><div id=\"Info-box-wrap-4303\" class=\"aio-icon-box top-icon\" style=\"\"  ><div class=\"aio-icon-top\"><div class=\"ult-just-icon-wrapper  \"><div class=\"align-icon\" style=\"text-align:center;\">\n<div class=\"aio-icon-img \" style=\"font-size:48px;display:inline-block;\" >\n\t<img decoding=\"async\" class=\"img-icon\" alt=\"null\" src=\"https:\/\/swidalb.com\/wp-content\/uploads\/2018\/07\/server.png\"\/>\n<\/div><\/div><\/div><\/div><div class=\"aio-icon-header\" ><h3 class=\"aio-icon-title ult-responsive\"  data-ultimate-target='#Info-box-wrap-4303 .aio-icon-title'  data-responsive-json-new='{\"font-size\":\"\",\"line-height\":\"\"}'  style=\"\">UPS<\/h3><\/div> <!-- header --><div class=\"aio-icon-description ult-responsive\"  data-ultimate-target='#Info-box-wrap-4303 .aio-icon-description'  data-responsive-json-new='{\"font-size\":\"\",\"line-height\":\"\"}'  style=\"\"><\/p>\n<p><\/div> <!-- description --><\/div> <!-- aio-icon-box --><\/div> <!-- aio-icon-component -->[\/vc_column_inner][vc_column_inner width=&#8221;1\/4&#8243;]<div class=\"aio-icon-component  vc_custom_1531834434190  kol style_1\"><div id=\"Info-box-wrap-2201\" class=\"aio-icon-box top-icon\" style=\"\"  ><div class=\"aio-icon-top\"><div class=\"ult-just-icon-wrapper  \"><div class=\"align-icon\" style=\"text-align:center;\">\n<div class=\"aio-icon-img \" style=\"font-size:48px;display:inline-block;\" >\n\t<img decoding=\"async\" class=\"img-icon\" alt=\"null\" src=\"https:\/\/swidalb.com\/wp-content\/uploads\/2018\/07\/stabilization-sign.png\"\/>\n<\/div><\/div><\/div><\/div><div class=\"aio-icon-header\" ><h3 class=\"aio-icon-title ult-responsive\"  data-ultimate-target='#Info-box-wrap-2201 .aio-icon-title'  data-responsive-json-new='{\"font-size\":\"\",\"line-height\":\"\"}'  style=\"\">Stabilizator<\/h3><\/div> <!-- header --><div class=\"aio-icon-description ult-responsive\"  data-ultimate-target='#Info-box-wrap-2201 .aio-icon-description'  data-responsive-json-new='{\"font-size\":\"\",\"line-height\":\"\"}'  style=\"\"><\/p>\n<p><\/div> <!-- description --><\/div> <!-- aio-icon-box --><\/div> <!-- aio-icon-component -->[\/vc_column_inner][\/vc_row_inner][\/vc_column][\/vc_row][vc_row bg_type=&#8221;image&#8221; parallax_style=&#8221;vcpb-default&#8221; bg_image_new=&#8221;id^136|url^https:\/\/swidalb.com\/wp-content\/uploads\/2019\/12\/Untitled-3.png|caption^null|alt^null|title^null|description^null&#8221; bg_image_repeat=&#8221;no-repeat&#8221; bg_override=&#8221;ex-full&#8221; css=&#8221;.vc_custom_1575972880879{margin-bottom: -78px !important;}&#8221;][vc_column][vc_row_inner][vc_column_inner width=&#8221;1\/4&#8243;][\/vc_column_inner][vc_column_inner width=&#8221;3\/4&#8243;][vc_empty_space height=&#8221;40px&#8221;][vc_custom_heading text=&#8221;Projekte t\u00eb realizuara nga ne&#8221; font_container=&#8221;tag:h3|font_size:30|text_align:center|color:%23ffffff&#8221; google_fonts=&#8221;font_family:Merriweather%3A300%2C300italic%2Cregular%2Citalic%2C700%2C700italic%2C900%2C900italic|font_style:700%20bold%20regular%3A700%3Anormal&#8221;][vc_btn title=&#8221;Projekte&#8221; style=&#8221;outline-custom&#8221; outline_custom_color=&#8221;#ffffff&#8221; outline_custom_hover_background=&#8221;#666666&#8243; outline_custom_hover_text=&#8221;#ffffff&#8221; shape=&#8221;square&#8221; align=&#8221;center&#8221; link=&#8221;url:%2Findex.php%2Fprojekte%2F|||&#8221;][vc_empty_space height=&#8221;60px&#8221;][\/vc_column_inner][\/vc_row_inner][\/vc_column][\/vc_row][vc_row css=&#8221;.vc_custom_1576056186779{margin-bottom: -30px !important;}&#8221;][vc_column][\/vc_column][\/vc_row]<\/p>\n<\/div>","protected":false},"excerpt":{"rendered":"<p>[vc_row css=&#8221;.vc_custom_1531830091207{margin-top: -10px !important;}&#8221;][vc_column width=&#8221;1\/2&#8243; offset=&#8221;vc_hidden-xs&#8221;][vc_single_image image=&#8221;22&#8243; img_size=&#8221;full&#8221; alignment=&#8221;center&#8221; image_hovers=&#8221;false&#8221; css=&#8221;.vc_custom_1531830597934{margin-top: -20px !important;}&#8221;][\/vc_column][vc_column width=&#8221;1\/2&#8243; offset=&#8221;vc_hidden-xs&#8221;][vc_empty_space height=&#8221;22px&#8221;][vc_column_text el_class=&#8221;titull&#8221; css=&#8221;.vc_custom_1547134182033{margin-top: -9px !important;}&#8221;]20[\/vc_column_text][vc_column_text el_class=&#8221;emri&#8221; css=&#8221;.vc_custom_1531830898319{margin-bottom: -160px !important;margin-left: 90px !important;}&#8221;]Vite Eksperience[\/vc_column_text][vc_row_inner][vc_column_inner][vc_separator color=&#8221;custom&#8221; align=&#8221;align_left&#8221; el_width=&#8221;30&#8243; accent_color=&#8221;#14ac84&#8243; css=&#8221;.vc_custom_1531830265708{margin-top: -20px !important;margin-left: 10px !important;}&#8221;][vc_column_text css=&#8221;.vc_custom_1531835693888{margin-top: -20px !important;margin-left: 10px !important;}&#8221;] Kompania POWER (Swid) ka filluar aktivitetin e saj n\u00eb vitin 1998 n\u00eb fush\u00ebn e&hellip;<\/p>\n","protected":false},"author":2,"featured_media":0,"parent":0,"menu_order":0,"comment_status":"closed","ping_status":"closed","template":"","meta":{"footnotes":""},"class_list":["post-14","page","type-page","status-publish","hentry","description-off"],"_links":{"self":[{"href":"https:\/\/swidalb.com\/index.php\/wp-json\/wp\/v2\/pages\/14","targetHints":{"allow":["GET"]}}],"collection":[{"href":"https:\/\/swidalb.com\/index.php\/wp-json\/wp\/v2\/pages"}],"about":[{"href":"https:\/\/swidalb.com\/index.php\/wp-json\/wp\/v2\/types\/page"}],"author":[{"embeddable":true,"href":"https:\/\/swidalb.com\/index.php\/wp-json\/wp\/v2\/users\/2"}],"replies":[{"embeddable":true,"href":"https:\/\/swidalb.com\/index.php\/wp-json\/wp\/v2\/comments?post=14"}],"version-history":[{"count":9,"href":"https:\/\/swidalb.com\/index.php\/wp-json\/wp\/v2\/pages\/14\/revisions"}],"predecessor-version":[{"id":145,"href":"https:\/\/swidalb.com\/index.php\/wp-json\/wp\/v2\/pages\/14\/revisions\/145"}],"wp:attachment":[{"href":"https:\/\/swidalb.com\/index.php\/wp-json\/wp\/v2\/media?parent=14"}],"curies":[{"name":"wp","href":"https:\/\/api.w.org\/{rel}","templated":true}]}}